{"id":81,"date":"2019-05-28T10:53:39","date_gmt":"2019-05-28T10:53:39","guid":{"rendered":"https:\/\/laborwasser.iemgmbh.de\/?page_id=81"},"modified":"2019-12-24T10:28:19","modified_gmt":"2019-12-24T10:28:19","slug":"sustainability","status":"publish","type":"page","link":"https:\/\/laborwasser.iemgmbh.de\/de\/sustainability","title":{"rendered":"Nachhaltigkeit"},"content":{"rendered":"<div data-elementor-type=\"wp-post\" data-elementor-id=\"81\" class=\"elementor elementor-81\">\n\t\t\t\t\t\t<section class=\"elementor-section elementor-top-section elementor-element elementor-element-8a0bb88 elementor-section-boxed elementor-section-height-default elementor-section-height-default\" data-id=\"8a0bb88\" data-element_type=\"section\">\n\t\t\t\t\t\t<div class=\"elementor-container elementor-column-gap-default\">\n\t\t\t\t\t<div class=\"elementor-column elementor-col-100 elementor-top-column elementor-element elementor-element-32b982a\" data-id=\"32b982a\" data-element_type=\"column\">\n\t\t\t<div class=\"elementor-widget-wrap elementor-element-populated\">\n\t\t\t\t\t\t<div class=\"elementor-element elementor-element-e001eed elementor-widget elementor-widget-spacer\" data-id=\"e001eed\" data-element_type=\"widget\" data-widget_type=\"spacer.default\">\n\t\t\t\t<div class=\"elementor-widget-container\">\n\t\t\t\t\t<div class=\"elementor-spacer\">\n\t\t\t<div class=\"elementor-spacer-inner\"><\/div>\n\t\t<\/div>\n\t\t\t\t<\/div>\n\t\t\t\t<\/div>\n\t\t\t\t\t<\/div>\n\t\t<\/div>\n\t\t\t\t\t<\/div>\n\t\t<\/section>\n\t\t\t\t<section class=\"elementor-section elementor-top-section elementor-element elementor-element-4342e8a elementor-section-boxed elementor-section-height-default elementor-section-height-default\" data-id=\"4342e8a\" data-element_type=\"section\">\n\t\t\t\t\t\t<div class=\"elementor-container elementor-column-gap-default\">\n\t\t\t\t\t<div class=\"elementor-column elementor-col-100 elementor-top-column elementor-element elementor-element-2d78df7\" data-id=\"2d78df7\" data-element_type=\"column\">\n\t\t\t<div class=\"elementor-widget-wrap elementor-element-populated\">\n\t\t\t\t\t\t<div class=\"elementor-element elementor-element-1686c93 elementor-widget elementor-widget-heading\" data-id=\"1686c93\" data-element_type=\"widget\" data-widget_type=\"heading.default\">\n\t\t\t\t<div class=\"elementor-widget-container\">\n\t\t\t<h3 class=\"elementor-heading-title elementor-size-default\"><b>Unsere Nachhaltigkeitsarbeit<\/b><\/h3>\t\t<\/div>\n\t\t\t\t<\/div>\n\t\t\t\t<div class=\"elementor-element elementor-element-17ed9f1e elementor-widget elementor-widget-text-editor\" data-id=\"17ed9f1e\" data-element_type=\"widget\" data-widget_type=\"text-editor.default\">\n\t\t\t\t<div class=\"elementor-widget-container\">\n\t\t\t\t\t\t\t<div>Wir sind uns der Auswirkungen unserer Produktion und des daraus resultierenden Bauteileverbrauchs auf die Umwelt und der Notwendigkeit, unsere Auswirkungen auf die Umwelt zu reduzieren, sehr bewusst. Wir sind der \u00dcberzeugung, dass es wichtig ist, unseren Planeten f\u00fcr zuk\u00fcnftige Generationen zu sch\u00fctzen, und deshalb haben wir einige Initiativen ins Leben gerufen, um der Natur etwas zur\u00fcckzugeben. Lesen Sie mehr \u00fcber jede Initiative und lassen Sie sich inspirieren oder kontaktieren Sie uns mit weiteren Anregungen. Gemeinsam k\u00f6nnen wir den Weg in eine nachhaltige Zukunft ebnen...<\/div>\t\t\t\t\t\t<\/div>\n\t\t\t\t<\/div>\n\t\t\t\t\t<\/div>\n\t\t<\/div>\n\t\t\t\t\t<\/div>\n\t\t<\/section>\n\t\t\t\t<section class=\"elementor-section elementor-top-section elementor-element elementor-element-2d62a6b6 elementor-section-content-middle elementor-reverse-mobile elementor-section-boxed elementor-section-height-default elementor-section-height-default\" data-id=\"2d62a6b6\" data-element_type=\"section\">\n\t\t\t\t\t\t<div class=\"elementor-container elementor-column-gap-default\">\n\t\t\t\t\t<div class=\"elementor-column elementor-col-50 elementor-top-column elementor-element elementor-element-bdc5221\" data-id=\"bdc5221\" data-element_type=\"column\">\n\t\t\t<div class=\"elementor-widget-wrap elementor-element-populated\">\n\t\t\t\t\t\t<div class=\"elementor-element elementor-element-7dc7e005 elementor-widget elementor-widget-heading\" data-id=\"7dc7e005\" data-element_type=\"widget\" data-widget_type=\"heading.default\">\n\t\t\t\t<div class=\"elementor-widget-container\">\n\t\t\t<h3 class=\"elementor-heading-title elementor-size-default\">Solarbetriebene Wasseraufbereitung<\/h3>\t\t<\/div>\n\t\t\t\t<\/div>\n\t\t\t\t<div class=\"elementor-element elementor-element-3117770 elementor-widget elementor-widget-text-editor\" data-id=\"3117770\" data-element_type=\"widget\" data-widget_type=\"text-editor.default\">\n\t\t\t\t<div class=\"elementor-widget-container\">\n\t\t\t\t\t\t\t<div class=\" translation-block\">F\u00fcr die Versorgung unserer Produktionsst\u00e4tte mit erneuerbarer Energie, die bis zu 50% unseres Tagesbedarfs deckt, haben wir Solarzellen errichtet. Hier k\u00f6nnen Sie die\n<a href=\"https:\/\/www.solarweb.com\/Home\/GuestLogOn?pvSystemid=72681bfe-0ce3-4af8-9440-113cecc1c583\" target=\"_new\">Live Daten unserer Solaranlage <\/a> einsehen.<\/div><div>Um Gebiete mit reduziertem oder instabilem Zugang zu Strom besser zu versorgen, entwickeln wir derzeit Wasseraufbereitungsanlagen mit integrierter Photovoltaik, die es ihnen erm\u00f6glichen, den Strom direkt von der Sonne zu beziehen. Sauber, flexibel und zuverl\u00e4ssig.<\/div>\t\t\t\t\t\t<\/div>\n\t\t\t\t<\/div>\n\t\t\t\t\t<\/div>\n\t\t<\/div>\n\t\t\t\t<div class=\"elementor-column elementor-col-50 elementor-top-column elementor-element elementor-element-6615a2f5\" data-id=\"6615a2f5\" data-element_type=\"column\">\n\t\t\t<div class=\"elementor-widget-wrap elementor-element-populated\">\n\t\t\t\t\t\t<div class=\"elementor-element elementor-element-1d686bc1 elementor-widget elementor-widget-image\" data-id=\"1d686bc1\" data-element_type=\"widget\" data-widget_type=\"image.default\">\n\t\t\t\t<div class=\"elementor-widget-container\">\n\t\t\t\t\t\t\t\t\t\t\t\t\t<img fetchpriority=\"high\" decoding=\"async\" width=\"1920\" height=\"1262\" src=\"https:\/\/laborwasser.iemgmbh.de\/wp-content\/uploads\/2019\/05\/photovoltaic-2138992_1920.jpg\" class=\"attachment-full size-full wp-image-240\" alt=\"\" srcset=\"https:\/\/laborwasser.iemgmbh.de\/wp-content\/uploads\/2019\/05\/photovoltaic-2138992_1920.jpg 1920w, https:\/\/laborwasser.iemgmbh.de\/wp-content\/uploads\/2019\/05\/photovoltaic-2138992_1920-300x197.jpg 300w, https:\/\/laborwasser.iemgmbh.de\/wp-content\/uploads\/2019\/05\/photovoltaic-2138992_1920-768x505.jpg 768w, https:\/\/laborwasser.iemgmbh.de\/wp-content\/uploads\/2019\/05\/photovoltaic-2138992_1920-1024x673.jpg 1024w\" sizes=\"(max-width: 1920px) 100vw, 1920px\" \/>\t\t\t\t\t\t\t\t\t\t\t\t\t<\/div>\n\t\t\t\t<\/div>\n\t\t\t\t\t<\/div>\n\t\t<\/div>\n\t\t\t\t\t<\/div>\n\t\t<\/section>\n\t\t\t\t<section class=\"elementor-section elementor-top-section elementor-element elementor-element-50a67c7f elementor-section-content-middle elementor-section-boxed elementor-section-height-default elementor-section-height-default\" data-id=\"50a67c7f\" data-element_type=\"section\">\n\t\t\t\t\t\t<div class=\"elementor-container elementor-column-gap-default\">\n\t\t\t\t\t<div class=\"elementor-column elementor-col-50 elementor-top-column elementor-element elementor-element-2331c5f2\" data-id=\"2331c5f2\" data-element_type=\"column\">\n\t\t\t<div class=\"elementor-widget-wrap elementor-element-populated\">\n\t\t\t\t\t\t<div class=\"elementor-element elementor-element-19a6c6c6 elementor-widget elementor-widget-image\" data-id=\"19a6c6c6\" data-element_type=\"widget\" data-widget_type=\"image.default\">\n\t\t\t\t<div class=\"elementor-widget-container\">\n\t\t\t\t\t\t\t\t\t\t\t\t\t<img decoding=\"async\" width=\"1920\" height=\"1282\" src=\"https:\/\/laborwasser.iemgmbh.de\/wp-content\/uploads\/2019\/05\/beehive-1143380_1920.jpg\" class=\"attachment-full size-full wp-image-238\" alt=\"\" srcset=\"https:\/\/laborwasser.iemgmbh.de\/wp-content\/uploads\/2019\/05\/beehive-1143380_1920.jpg 1920w, https:\/\/laborwasser.iemgmbh.de\/wp-content\/uploads\/2019\/05\/beehive-1143380_1920-300x200.jpg 300w, https:\/\/laborwasser.iemgmbh.de\/wp-content\/uploads\/2019\/05\/beehive-1143380_1920-768x513.jpg 768w, https:\/\/laborwasser.iemgmbh.de\/wp-content\/uploads\/2019\/05\/beehive-1143380_1920-1024x684.jpg 1024w\" sizes=\"(max-width: 1920px) 100vw, 1920px\" \/>\t\t\t\t\t\t\t\t\t\t\t\t\t<\/div>\n\t\t\t\t<\/div>\n\t\t\t\t\t<\/div>\n\t\t<\/div>\n\t\t\t\t<div class=\"elementor-column elementor-col-50 elementor-top-column elementor-element elementor-element-7c480d9b\" data-id=\"7c480d9b\" data-element_type=\"column\">\n\t\t\t<div class=\"elementor-widget-wrap elementor-element-populated\">\n\t\t\t\t\t\t<div class=\"elementor-element elementor-element-36fc3ddf elementor-widget elementor-widget-heading\" data-id=\"36fc3ddf\" data-element_type=\"widget\" data-widget_type=\"heading.default\">\n\t\t\t\t<div class=\"elementor-widget-container\">\n\t\t\t<h3 class=\"elementor-heading-title elementor-size-default\">Bienenhaltung<\/h3>\t\t<\/div>\n\t\t\t\t<\/div>\n\t\t\t\t<div class=\"elementor-element elementor-element-4595d21 elementor-widget elementor-widget-text-editor\" data-id=\"4595d21\" data-element_type=\"widget\" data-widget_type=\"text-editor.default\">\n\t\t\t\t<div class=\"elementor-widget-container\">\n\t\t\t\t\t\t\t<p>Da unsere Produktionsst\u00e4tte von einem kleinen Obstgarten umgeben ist, haben wir vier Bienenst\u00f6cke auf dem Dach des Geb\u00e4udes platziert. Seit 2016 experimentieren wir mit verschiedenen Bienenst\u00f6cken und testen neue Technologien wie digitale Waagen und Datenanalyse. Wir ermutigen jeden, der die Zeit und die M\u00f6glichkeit hat, auch die Imkerei zu in Erw\u00e4gung zu ziehen. Die flei\u00dfigen Best\u00e4uber bringen nicht nur Leben und Reichtum in die Umgebung - ihr k\u00f6stlicher Honig erinnert uns auch stets an die goldenen Belohnungen der harten Arbeit.<\/p>\t\t\t\t\t\t<\/div>\n\t\t\t\t<\/div>\n\t\t\t\t\t<\/div>\n\t\t<\/div>\n\t\t\t\t\t<\/div>\n\t\t<\/section>\n\t\t\t\t<section class=\"elementor-section elementor-top-section elementor-element elementor-element-16a9e6b1 elementor-section-content-middle elementor-reverse-mobile elementor-section-boxed elementor-section-height-default elementor-section-height-default\" data-id=\"16a9e6b1\" data-element_type=\"section\">\n\t\t\t\t\t\t<div class=\"elementor-container elementor-column-gap-default\">\n\t\t\t\t\t<div class=\"elementor-column elementor-col-50 elementor-top-column elementor-element elementor-element-396fc290\" data-id=\"396fc290\" data-element_type=\"column\">\n\t\t\t<div class=\"elementor-widget-wrap elementor-element-populated\">\n\t\t\t\t\t\t<div class=\"elementor-element elementor-element-6769da1a elementor-widget elementor-widget-heading\" data-id=\"6769da1a\" data-element_type=\"widget\" data-widget_type=\"heading.default\">\n\t\t\t\t<div class=\"elementor-widget-container\">\n\t\t\t<h3 class=\"elementor-heading-title elementor-size-default\">Just-In-Time Produktion<\/h3>\t\t<\/div>\n\t\t\t\t<\/div>\n\t\t\t\t<div class=\"elementor-element elementor-element-126ca4ea elementor-widget elementor-widget-text-editor\" data-id=\"126ca4ea\" data-element_type=\"widget\" data-widget_type=\"text-editor.default\">\n\t\t\t\t<div class=\"elementor-widget-container\">\n\t\t\t\t\t\t\t<p>Wir sehen viele Vorteile in einer auftragsbezogenen Produktion. Ein gro\u00dfer Pluspunkt ist die Reduzierung des Lagerplatzbedarfs und der Lagerbest\u00e4nde vor Ort. Dies gew\u00e4hrleistet erstklassige, neu hergestellte Ausgangsmaterialien f\u00fcr Ihre Anlage und erm\u00f6glicht es uns, die Lager- und Entsorgungskosten zu senken.<\/p>\t\t\t\t\t\t<\/div>\n\t\t\t\t<\/div>\n\t\t\t\t\t<\/div>\n\t\t<\/div>\n\t\t\t\t<div class=\"elementor-column elementor-col-50 elementor-top-column elementor-element elementor-element-7857b5be\" data-id=\"7857b5be\" data-element_type=\"column\">\n\t\t\t<div class=\"elementor-widget-wrap elementor-element-populated\">\n\t\t\t\t\t\t<div class=\"elementor-element elementor-element-1feb6b7 elementor-widget elementor-widget-image\" data-id=\"1feb6b7\" data-element_type=\"widget\" data-widget_type=\"image.default\">\n\t\t\t\t<div class=\"elementor-widget-container\">\n\t\t\t\t\t\t\t\t\t\t\t\t\t<img decoding=\"async\" width=\"1024\" height=\"683\" src=\"https:\/\/laborwasser.iemgmbh.de\/wp-content\/uploads\/2019\/06\/tube-bender-2819137_1920-1024x683.jpg\" class=\"attachment-large size-large wp-image-246\" alt=\"\" srcset=\"https:\/\/laborwasser.iemgmbh.de\/wp-content\/uploads\/2019\/06\/tube-bender-2819137_1920-1024x683.jpg 1024w, https:\/\/laborwasser.iemgmbh.de\/wp-content\/uploads\/2019\/06\/tube-bender-2819137_1920-300x200.jpg 300w, https:\/\/laborwasser.iemgmbh.de\/wp-content\/uploads\/2019\/06\/tube-bender-2819137_1920-768x512.jpg 768w, https:\/\/laborwasser.iemgmbh.de\/wp-content\/uploads\/2019\/06\/tube-bender-2819137_1920.jpg 1920w\" sizes=\"(max-width: 1024px) 100vw, 1024px\" \/>\t\t\t\t\t\t\t\t\t\t\t\t\t<\/div>\n\t\t\t\t<\/div>\n\t\t\t\t\t<\/div>\n\t\t<\/div>\n\t\t\t\t\t<\/div>\n\t\t<\/section>\n\t\t\t\t<\/div>","protected":false},"excerpt":{"rendered":"<p>Our Sustainability Work We are extremely aware of the impact of our production and its resulting component consumption on the environment, and the necessity of reducing our impact on the environment. We believe in the importance of safeguarding our planet for future generations, and we have therefore set up a few initiatives to give back [&hellip;]<\/p>","protected":false},"author":3,"featured_media":0,"parent":0,"menu_order":0,"comment_status":"closed","ping_status":"closed","template":"","meta":{"ocean_post_layout":"full-screen","ocean_both_sidebars_style":"","ocean_both_sidebars_content_width":0,"ocean_both_sidebars_sidebars_width":0,"ocean_sidebar":"0","ocean_second_sidebar":"0","ocean_disable_margins":"enable","ocean_add_body_class":"","ocean_shortcode_before_top_bar":"","ocean_shortcode_after_top_bar":"","ocean_shortcode_before_header":"","ocean_shortcode_after_header":"","ocean_has_shortcode":"","ocean_shortcode_after_title":"","ocean_shortcode_before_footer_widgets":"","ocean_shortcode_after_footer_widgets":"","ocean_shortcode_before_footer_bottom":"","ocean_shortcode_after_footer_bottom":"","ocean_display_top_bar":"default","ocean_display_header":"default","ocean_header_style":"minimal","ocean_center_header_left_menu":"0","ocean_custom_header_template":"0","ocean_custom_logo":0,"ocean_custom_retina_logo":0,"ocean_custom_logo_max_width":0,"ocean_custom_logo_tablet_max_width":0,"ocean_custom_logo_mobile_max_width":0,"ocean_custom_logo_max_height":0,"ocean_custom_logo_tablet_max_height":0,"ocean_custom_logo_mobile_max_height":0,"ocean_header_custom_menu":"0","ocean_menu_typo_font_family":"0","ocean_menu_typo_font_subset":"","ocean_menu_typo_font_size":0,"ocean_menu_typo_font_size_tablet":0,"ocean_menu_typo_font_size_mobile":0,"ocean_menu_typo_font_size_unit":"px","ocean_menu_typo_font_weight":"","ocean_menu_typo_font_weight_tablet":"","ocean_menu_typo_font_weight_mobile":"","ocean_menu_typo_transform":"","ocean_menu_typo_transform_tablet":"","ocean_menu_typo_transform_mobile":"","ocean_menu_typo_line_height":0,"ocean_menu_typo_line_height_tablet":0,"ocean_menu_typo_line_height_mobile":0,"ocean_menu_typo_line_height_unit":"","ocean_menu_typo_spacing":0,"ocean_menu_typo_spacing_tablet":0,"ocean_menu_typo_spacing_mobile":0,"ocean_menu_typo_spacing_unit":"","ocean_menu_link_color":"","ocean_menu_link_color_hover":"","ocean_menu_link_color_active":"","ocean_menu_link_background":"","ocean_menu_link_hover_background":"","ocean_menu_link_active_background":"","ocean_menu_social_links_bg":"","ocean_menu_social_hover_links_bg":"","ocean_menu_social_links_color":"","ocean_menu_social_hover_links_color":"","ocean_disable_title":"on","ocean_disable_heading":"default","ocean_post_title":"","ocean_post_subheading":"","ocean_post_title_style":"","ocean_post_title_background_color":"","ocean_post_title_background":0,"ocean_post_title_bg_image_position":"","ocean_post_title_bg_image_attachment":"","ocean_post_title_bg_image_repeat":"","ocean_post_title_bg_image_size":"","ocean_post_title_height":0,"ocean_post_title_bg_overlay":0.5,"ocean_post_title_bg_overlay_color":"","ocean_disable_breadcrumbs":"default","ocean_breadcrumbs_color":"","ocean_breadcrumbs_separator_color":"","ocean_breadcrumbs_links_color":"","ocean_breadcrumbs_links_hover_color":"","ocean_display_footer_widgets":"default","ocean_display_footer_bottom":"default","ocean_custom_footer_template":"0","footnotes":""},"yoast_head":"<!-- This site is optimized with the Yoast SEO plugin v22.2 - https:\/\/yoast.com\/wordpress\/plugins\/seo\/ -->\n<title>Sustainability - ULTRA PURE WATER by IEM<\/title>\n<meta name=\"robots\" content=\"index, follow, max-snippet:-1, max-image-preview:large, max-video-preview:-1\" \/>\n<link rel=\"canonical\" href=\"https:\/\/laborwasser.iemgmbh.de\/de\/sustainability\/\" \/>\n<meta property=\"og:locale\" content=\"de_DE\" \/>\n<meta property=\"og:type\" content=\"article\" \/>\n<meta property=\"og:title\" content=\"Sustainability - ULTRA PURE WATER by IEM\" \/>\n<meta property=\"og:description\" content=\"Our Sustainability Work We are extremely aware of the impact of our production and its resulting component consumption on the environment, and the necessity of reducing our impact on the environment. We believe in the importance of safeguarding our planet for future generations, and we have therefore set up a few initiatives to give back [&hellip;]\" \/>\n<meta property=\"og:url\" content=\"https:\/\/laborwasser.iemgmbh.de\/de\/sustainability\/\" \/>\n<meta property=\"og:site_name\" content=\"ULTRA PURE WATER by IEM\" \/>\n<meta property=\"article:modified_time\" content=\"2019-12-24T10:28:19+00:00\" \/>\n<meta property=\"og:image\" content=\"https:\/\/laborwasser.iemgmbh.de\/wp-content\/uploads\/2019\/05\/photovoltaic-2138992_1920.jpg\" \/>\n<meta name=\"twitter:card\" content=\"summary_large_image\" \/>\n<meta name=\"twitter:label1\" content=\"Gesch\u00e4tzte Lesezeit\" \/>\n\t<meta name=\"twitter:data1\" content=\"2\u00a0Minuten\" \/>\n<script type=\"application\/ld+json\" class=\"yoast-schema-graph\">{\"@context\":\"https:\/\/schema.org\",\"@graph\":[{\"@type\":\"WebPage\",\"@id\":\"https:\/\/laborwasser.iemgmbh.de\/sustainability\",\"url\":\"https:\/\/laborwasser.iemgmbh.de\/sustainability\",\"name\":\"Sustainability - ULTRA PURE WATER by IEM\",\"isPartOf\":{\"@id\":\"https:\/\/laborwasser.iemgmbh.de\/#website\"},\"primaryImageOfPage\":{\"@id\":\"https:\/\/laborwasser.iemgmbh.de\/sustainability#primaryimage\"},\"image\":{\"@id\":\"https:\/\/laborwasser.iemgmbh.de\/sustainability#primaryimage\"},\"thumbnailUrl\":\"https:\/\/laborwasser.iemgmbh.de\/wp-content\/uploads\/2019\/05\/photovoltaic-2138992_1920.jpg\",\"datePublished\":\"2019-05-28T10:53:39+00:00\",\"dateModified\":\"2019-12-24T10:28:19+00:00\",\"breadcrumb\":{\"@id\":\"https:\/\/laborwasser.iemgmbh.de\/sustainability#breadcrumb\"},\"inLanguage\":\"de\",\"potentialAction\":[{\"@type\":\"ReadAction\",\"target\":[\"https:\/\/laborwasser.iemgmbh.de\/sustainability\"]}]},{\"@type\":\"ImageObject\",\"inLanguage\":\"de\",\"@id\":\"https:\/\/laborwasser.iemgmbh.de\/sustainability#primaryimage\",\"url\":\"https:\/\/laborwasser.iemgmbh.de\/wp-content\/uploads\/2019\/05\/photovoltaic-2138992_1920.jpg\",\"contentUrl\":\"https:\/\/laborwasser.iemgmbh.de\/wp-content\/uploads\/2019\/05\/photovoltaic-2138992_1920.jpg\",\"width\":1920,\"height\":1262},{\"@type\":\"BreadcrumbList\",\"@id\":\"https:\/\/laborwasser.iemgmbh.de\/sustainability#breadcrumb\",\"itemListElement\":[{\"@type\":\"ListItem\",\"position\":1,\"name\":\"Home\",\"item\":\"https:\/\/laborwasser.iemgmbh.de\/\"},{\"@type\":\"ListItem\",\"position\":2,\"name\":\"Sustainability\"}]},{\"@type\":\"WebSite\",\"@id\":\"https:\/\/laborwasser.iemgmbh.de\/#website\",\"url\":\"https:\/\/laborwasser.iemgmbh.de\/\",\"name\":\"ULTRA PURE WATER by IEM\",\"description\":\"Your partner for customized water purification systems\",\"publisher\":{\"@id\":\"https:\/\/laborwasser.iemgmbh.de\/#organization\"},\"potentialAction\":[{\"@type\":\"SearchAction\",\"target\":{\"@type\":\"EntryPoint\",\"urlTemplate\":\"https:\/\/laborwasser.iemgmbh.de\/?s={search_term_string}\"},\"query-input\":\"required name=search_term_string\"}],\"inLanguage\":\"de\"},{\"@type\":\"Organization\",\"@id\":\"https:\/\/laborwasser.iemgmbh.de\/#organization\",\"name\":\"IEM Industrial Equipment and Machinery GmbH\",\"url\":\"https:\/\/laborwasser.iemgmbh.de\/\",\"logo\":{\"@type\":\"ImageObject\",\"inLanguage\":\"de\",\"@id\":\"https:\/\/laborwasser.iemgmbh.de\/#\/schema\/logo\/image\/\",\"url\":\"https:\/\/laborwasser.iemgmbh.de\/wp-content\/uploads\/2019\/12\/IEM_Tropfen-scaled.jpg\",\"contentUrl\":\"https:\/\/laborwasser.iemgmbh.de\/wp-content\/uploads\/2019\/12\/IEM_Tropfen-scaled.jpg\",\"width\":1584,\"height\":2560,\"caption\":\"IEM Industrial Equipment and Machinery GmbH\"},\"image\":{\"@id\":\"https:\/\/laborwasser.iemgmbh.de\/#\/schema\/logo\/image\/\"}}]}<\/script>\n<!-- \/ Yoast SEO plugin. -->","yoast_head_json":{"title":"Sustainability - ULTRA PURE WATER by IEM","robots":{"index":"index","follow":"follow","max-snippet":"max-snippet:-1","max-image-preview":"max-image-preview:large","max-video-preview":"max-video-preview:-1"},"canonical":"https:\/\/laborwasser.iemgmbh.de\/de\/sustainability\/","og_locale":"de_DE","og_type":"article","og_title":"Sustainability - ULTRA PURE WATER by IEM","og_description":"Our Sustainability Work We are extremely aware of the impact of our production and its resulting component consumption on the environment, and the necessity of reducing our impact on the environment. We believe in the importance of safeguarding our planet for future generations, and we have therefore set up a few initiatives to give back [&hellip;]","og_url":"https:\/\/laborwasser.iemgmbh.de\/de\/sustainability\/","og_site_name":"ULTRA PURE WATER by IEM","article_modified_time":"2019-12-24T10:28:19+00:00","og_image":[{"url":"https:\/\/laborwasser.iemgmbh.de\/wp-content\/uploads\/2019\/05\/photovoltaic-2138992_1920.jpg"}],"twitter_card":"summary_large_image","twitter_misc":{"Gesch\u00e4tzte Lesezeit":"2\u00a0Minuten"},"schema":{"@context":"https:\/\/schema.org","@graph":[{"@type":"WebPage","@id":"https:\/\/laborwasser.iemgmbh.de\/sustainability","url":"https:\/\/laborwasser.iemgmbh.de\/sustainability","name":"Sustainability - ULTRA PURE WATER by IEM","isPartOf":{"@id":"https:\/\/laborwasser.iemgmbh.de\/#website"},"primaryImageOfPage":{"@id":"https:\/\/laborwasser.iemgmbh.de\/sustainability#primaryimage"},"image":{"@id":"https:\/\/laborwasser.iemgmbh.de\/sustainability#primaryimage"},"thumbnailUrl":"https:\/\/laborwasser.iemgmbh.de\/wp-content\/uploads\/2019\/05\/photovoltaic-2138992_1920.jpg","datePublished":"2019-05-28T10:53:39+00:00","dateModified":"2019-12-24T10:28:19+00:00","breadcrumb":{"@id":"https:\/\/laborwasser.iemgmbh.de\/sustainability#breadcrumb"},"inLanguage":"de","potentialAction":[{"@type":"ReadAction","target":["https:\/\/laborwasser.iemgmbh.de\/sustainability"]}]},{"@type":"ImageObject","inLanguage":"de","@id":"https:\/\/laborwasser.iemgmbh.de\/sustainability#primaryimage","url":"https:\/\/laborwasser.iemgmbh.de\/wp-content\/uploads\/2019\/05\/photovoltaic-2138992_1920.jpg","contentUrl":"https:\/\/laborwasser.iemgmbh.de\/wp-content\/uploads\/2019\/05\/photovoltaic-2138992_1920.jpg","width":1920,"height":1262},{"@type":"BreadcrumbList","@id":"https:\/\/laborwasser.iemgmbh.de\/sustainability#breadcrumb","itemListElement":[{"@type":"ListItem","position":1,"name":"Home","item":"https:\/\/laborwasser.iemgmbh.de\/"},{"@type":"ListItem","position":2,"name":"Sustainability"}]},{"@type":"WebSite","@id":"https:\/\/laborwasser.iemgmbh.de\/#website","url":"https:\/\/laborwasser.iemgmbh.de\/","name":"ULTRA PURE WATER by IEM","description":"Your partner for customized water purification systems","publisher":{"@id":"https:\/\/laborwasser.iemgmbh.de\/#organization"},"potentialAction":[{"@type":"SearchAction","target":{"@type":"EntryPoint","urlTemplate":"https:\/\/laborwasser.iemgmbh.de\/?s={search_term_string}"},"query-input":"required name=search_term_string"}],"inLanguage":"de"},{"@type":"Organization","@id":"https:\/\/laborwasser.iemgmbh.de\/#organization","name":"IEM Industrial Equipment and Machinery GmbH","url":"https:\/\/laborwasser.iemgmbh.de\/","logo":{"@type":"ImageObject","inLanguage":"de","@id":"https:\/\/laborwasser.iemgmbh.de\/#\/schema\/logo\/image\/","url":"https:\/\/laborwasser.iemgmbh.de\/wp-content\/uploads\/2019\/12\/IEM_Tropfen-scaled.jpg","contentUrl":"https:\/\/laborwasser.iemgmbh.de\/wp-content\/uploads\/2019\/12\/IEM_Tropfen-scaled.jpg","width":1584,"height":2560,"caption":"IEM Industrial Equipment and Machinery GmbH"},"image":{"@id":"https:\/\/laborwasser.iemgmbh.de\/#\/schema\/logo\/image\/"}}]}},"_links":{"self":[{"href":"https:\/\/laborwasser.iemgmbh.de\/de\/wp-json\/wp\/v2\/pages\/81"}],"collection":[{"href":"https:\/\/laborwasser.iemgmbh.de\/de\/wp-json\/wp\/v2\/pages"}],"about":[{"href":"https:\/\/laborwasser.iemgmbh.de\/de\/wp-json\/wp\/v2\/types\/page"}],"author":[{"embeddable":true,"href":"https:\/\/laborwasser.iemgmbh.de\/de\/wp-json\/wp\/v2\/users\/3"}],"replies":[{"embeddable":true,"href":"https:\/\/laborwasser.iemgmbh.de\/de\/wp-json\/wp\/v2\/comments?post=81"}],"version-history":[{"count":24,"href":"https:\/\/laborwasser.iemgmbh.de\/de\/wp-json\/wp\/v2\/pages\/81\/revisions"}],"predecessor-version":[{"id":647,"href":"https:\/\/laborwasser.iemgmbh.de\/de\/wp-json\/wp\/v2\/pages\/81\/revisions\/647"}],"wp:attachment":[{"href":"https:\/\/laborwasser.iemgmbh.de\/de\/wp-json\/wp\/v2\/media?parent=81"}],"curies":[{"name":"wp","href":"https:\/\/api.w.org\/{rel}","templated":true}]}}