{"id":282,"date":"2019-06-02T08:41:46","date_gmt":"2019-06-02T08:41:46","guid":{"rendered":"https:\/\/laborwasser.iemgmbh.de\/?page_id=282"},"modified":"2019-09-08T15:19:31","modified_gmt":"2019-09-08T15:19:31","slug":"impressum","status":"publish","type":"page","link":"https:\/\/laborwasser.iemgmbh.de\/de\/impressum","title":{"rendered":"Impressum"},"content":{"rendered":"<p><strong>Posta<\/strong><strong>nsc<\/strong><strong>hrift<\/strong>\n IEM &#8211; Industrial Equipment and Machinery GmbH<br> August-Horch-Strasse 16<br> D-55129 Mainz<br> Deutschland\n<\/p>\n\n\n\n<p><strong>Gesch\u00e4ftsf\u00fchrer<\/strong><\/p>\n\n\n\n<p> Herr Ahmad Saadati<\/p>\n\n\n\n<p><strong>Verantwortlicher f\u00fcr den Inhalt i.S.d.\u00a7 10 MDStV<\/strong><\/p>\n\n\n\n<p> Herr Ahmad Saadati<\/p>\n\n\n\n<p><strong>Registergericht<\/strong><\/p>\n\n\n\n<p>Amtsgericht Mainz, 14 HRB 57 64<\/p>\n\n\n\n<p><strong><br>Umsatzsteuer-Identnummer<\/strong><\/p>\n\n\n\n<p>UStID: DE811921857<\/p>\n\n\n\n<p><strong><br>Bankverbindung<\/strong><\/p>\n\n\n\n<p>Commerzbank, Mainz<br> BLZ: 55080065<br> KTO: 235315500<br> IBAN: DE885508006502353<br> SWIFT: DRES DE FF 550<\/p>\n\n\n\n<p><strong><br>Email<\/strong><br><\/p>\n\n\n\n<p>F\u00fcr Fragen rund um die IEM Produkte und Services wenden Sie sich an: <a href=\"mailto:verkauf@iemgmbh.de\">verkauf@iemgmbh.de<\/a><\/p>\n\n\n\n<p><strong>Hotline<\/strong><br><\/p>\n\n\n\n<p>Unseren Kundenservice erreichen Sie montags bis donnerstags in der Zeit von 8 &#8211; 17 Uhr, freitags von 8 &#8211; 14 Uhr<br>Tel.: &nbsp;06131 \u2013 914 694<br> Fax.: 06131 \u2013 963 109<\/p>\n\n\n\n<p><strong>  Informationen zur Online-Streitbeilegung<\/strong><\/p>\n\n\n\n<p>\n Die EU-Kommission wird im ersten Quartal 2016 eine Internetplattform \nzur Online-Beilegung von Streitigkeiten (sog. \u201eOS-Plattform\u201c) \nbereitstellen. Die OS-Plattform soll als Anlaufstelle zur \nau\u00dfergerichtlichen Beilegung von Streitigkeiten betreffend vertragliche \nVerpflichtungen, die aus Online-Kaufvertr\u00e4gen erwachsen, dienen. Die \nOS-Plattform wird unter folgendem Link erreichbar sein: <a href=\"http:\/\/ec.europa.eu\/consumers\/odr\/\" rel=\"noreferrer noopener\" target=\"_blank\"> http:\/\/ec.europa.eu\/consumers\/odr\/<\/a><\/p>","protected":false},"excerpt":{"rendered":"<p>Postanschrift IEM &#8211; Industrial Equipment and Machinery GmbH August-Horch-Strasse 16 D-55129 Mainz Deutschland Gesch\u00e4ftsf\u00fchrer Herr Ahmad Saadati Verantwortlicher f\u00fcr den Inhalt i.S.d.\u00a7 10 MDStV Herr Ahmad Saadati Registergericht Amtsgericht Mainz, 14 HRB 57 64 Umsatzsteuer-Identnummer UStID: DE811921857 Bankverbindung Commerzbank, Mainz BLZ: 55080065 KTO: 235315500 IBAN: DE885508006502353 SWIFT: DRES DE FF 550 Email F\u00fcr Fragen rund [&hellip;]<\/p>","protected":false},"author":3,"featured_media":0,"parent":0,"menu_order":0,"comment_status":"closed","ping_status":"closed","template":"","meta":{"ocean_post_layout":"full-width","ocean_both_sidebars_style":"","ocean_both_sidebars_content_width":0,"ocean_both_sidebars_sidebars_width":0,"ocean_sidebar":"0","ocean_second_sidebar":"0","ocean_disable_margins":"enable","ocean_add_body_class":"","ocean_shortcode_before_top_bar":"","ocean_shortcode_after_top_bar":"","ocean_shortcode_before_header":"","ocean_shortcode_after_header":"","ocean_has_shortcode":"","ocean_shortcode_after_title":"","ocean_shortcode_before_footer_widgets":"","ocean_shortcode_after_footer_widgets":"","ocean_shortcode_before_footer_bottom":"","ocean_shortcode_after_footer_bottom":"","ocean_display_top_bar":"default","ocean_display_header":"default","ocean_header_style":"","ocean_center_header_left_menu":"0","ocean_custom_header_template":"0","ocean_custom_logo":0,"ocean_custom_retina_logo":0,"ocean_custom_logo_max_width":0,"ocean_custom_logo_tablet_max_width":0,"ocean_custom_logo_mobile_max_width":0,"ocean_custom_logo_max_height":0,"ocean_custom_logo_tablet_max_height":0,"ocean_custom_logo_mobile_max_height":0,"ocean_header_custom_menu":"0","ocean_menu_typo_font_family":"0","ocean_menu_typo_font_subset":"","ocean_menu_typo_font_size":0,"ocean_menu_typo_font_size_tablet":0,"ocean_menu_typo_font_size_mobile":0,"ocean_menu_typo_font_size_unit":"px","ocean_menu_typo_font_weight":"","ocean_menu_typo_font_weight_tablet":"","ocean_menu_typo_font_weight_mobile":"","ocean_menu_typo_transform":"","ocean_menu_typo_transform_tablet":"","ocean_menu_typo_transform_mobile":"","ocean_menu_typo_line_height":0,"ocean_menu_typo_line_height_tablet":0,"ocean_menu_typo_line_height_mobile":0,"ocean_menu_typo_line_height_unit":"","ocean_menu_typo_spacing":0,"ocean_menu_typo_spacing_tablet":0,"ocean_menu_typo_spacing_mobile":0,"ocean_menu_typo_spacing_unit":"","ocean_menu_link_color":"","ocean_menu_link_color_hover":"","ocean_menu_link_color_active":"","ocean_menu_link_background":"","ocean_menu_link_hover_background":"","ocean_menu_link_active_background":"","ocean_menu_social_links_bg":"","ocean_menu_social_hover_links_bg":"","ocean_menu_social_links_color":"","ocean_menu_social_hover_links_color":"","ocean_disable_title":"default","ocean_disable_heading":"default","ocean_post_title":"","ocean_post_subheading":"","ocean_post_title_style":"","ocean_post_title_background_color":"","ocean_post_title_background":0,"ocean_post_title_bg_image_position":"","ocean_post_title_bg_image_attachment":"","ocean_post_title_bg_image_repeat":"","ocean_post_title_bg_image_size":"","ocean_post_title_height":0,"ocean_post_title_bg_overlay":0.5,"ocean_post_title_bg_overlay_color":"","ocean_disable_breadcrumbs":"default","ocean_breadcrumbs_color":"","ocean_breadcrumbs_separator_color":"","ocean_breadcrumbs_links_color":"","ocean_breadcrumbs_links_hover_color":"","ocean_display_footer_widgets":"default","ocean_display_footer_bottom":"default","ocean_custom_footer_template":"0","footnotes":""},"yoast_head":"<!-- This site is optimized with the Yoast SEO plugin v22.2 - https:\/\/yoast.com\/wordpress\/plugins\/seo\/ -->\n<title>Impressum - ULTRA PURE WATER by IEM<\/title>\n<meta name=\"robots\" content=\"index, follow, max-snippet:-1, max-image-preview:large, max-video-preview:-1\" \/>\n<link rel=\"canonical\" href=\"https:\/\/laborwasser.iemgmbh.de\/de\/impressum\/\" \/>\n<meta property=\"og:locale\" content=\"de_DE\" \/>\n<meta property=\"og:type\" content=\"article\" \/>\n<meta property=\"og:title\" content=\"Impressum - ULTRA PURE WATER by IEM\" \/>\n<meta property=\"og:description\" content=\"Postanschrift IEM &#8211; Industrial Equipment and Machinery GmbH August-Horch-Strasse 16 D-55129 Mainz Deutschland Gesch\u00e4ftsf\u00fchrer Herr Ahmad Saadati Verantwortlicher f\u00fcr den Inhalt i.S.d.\u00a7 10 MDStV Herr Ahmad Saadati Registergericht Amtsgericht Mainz, 14 HRB 57 64 Umsatzsteuer-Identnummer UStID: DE811921857 Bankverbindung Commerzbank, Mainz BLZ: 55080065 KTO: 235315500 IBAN: DE885508006502353 SWIFT: DRES DE FF 550 Email F\u00fcr Fragen rund [&hellip;]\" \/>\n<meta property=\"og:url\" content=\"https:\/\/laborwasser.iemgmbh.de\/de\/impressum\/\" \/>\n<meta property=\"og:site_name\" content=\"ULTRA PURE WATER by IEM\" \/>\n<meta property=\"article:modified_time\" content=\"2019-09-08T15:19:31+00:00\" \/>\n<meta name=\"twitter:card\" content=\"summary_large_image\" \/>\n<meta name=\"twitter:label1\" content=\"Gesch\u00e4tzte Lesezeit\" \/>\n\t<meta name=\"twitter:data1\" content=\"1\u00a0Minute\" \/>\n<script type=\"application\/ld+json\" class=\"yoast-schema-graph\">{\"@context\":\"https:\/\/schema.org\",\"@graph\":[{\"@type\":\"WebPage\",\"@id\":\"https:\/\/laborwasser.iemgmbh.de\/impressum\",\"url\":\"https:\/\/laborwasser.iemgmbh.de\/impressum\",\"name\":\"Impressum - ULTRA PURE WATER by IEM\",\"isPartOf\":{\"@id\":\"https:\/\/laborwasser.iemgmbh.de\/#website\"},\"datePublished\":\"2019-06-02T08:41:46+00:00\",\"dateModified\":\"2019-09-08T15:19:31+00:00\",\"breadcrumb\":{\"@id\":\"https:\/\/laborwasser.iemgmbh.de\/impressum#breadcrumb\"},\"inLanguage\":\"de\",\"potentialAction\":[{\"@type\":\"ReadAction\",\"target\":[\"https:\/\/laborwasser.iemgmbh.de\/impressum\"]}]},{\"@type\":\"BreadcrumbList\",\"@id\":\"https:\/\/laborwasser.iemgmbh.de\/impressum#breadcrumb\",\"itemListElement\":[{\"@type\":\"ListItem\",\"position\":1,\"name\":\"Home\",\"item\":\"https:\/\/laborwasser.iemgmbh.de\/\"},{\"@type\":\"ListItem\",\"position\":2,\"name\":\"Impressum\"}]},{\"@type\":\"WebSite\",\"@id\":\"https:\/\/laborwasser.iemgmbh.de\/#website\",\"url\":\"https:\/\/laborwasser.iemgmbh.de\/\",\"name\":\"ULTRA PURE WATER by IEM\",\"description\":\"Your partner for customized water purification systems\",\"publisher\":{\"@id\":\"https:\/\/laborwasser.iemgmbh.de\/#organization\"},\"potentialAction\":[{\"@type\":\"SearchAction\",\"target\":{\"@type\":\"EntryPoint\",\"urlTemplate\":\"https:\/\/laborwasser.iemgmbh.de\/?s={search_term_string}\"},\"query-input\":\"required name=search_term_string\"}],\"inLanguage\":\"de\"},{\"@type\":\"Organization\",\"@id\":\"https:\/\/laborwasser.iemgmbh.de\/#organization\",\"name\":\"IEM Industrial Equipment and Machinery GmbH\",\"url\":\"https:\/\/laborwasser.iemgmbh.de\/\",\"logo\":{\"@type\":\"ImageObject\",\"inLanguage\":\"de\",\"@id\":\"https:\/\/laborwasser.iemgmbh.de\/#\/schema\/logo\/image\/\",\"url\":\"https:\/\/laborwasser.iemgmbh.de\/wp-content\/uploads\/2019\/12\/IEM_Tropfen-scaled.jpg\",\"contentUrl\":\"https:\/\/laborwasser.iemgmbh.de\/wp-content\/uploads\/2019\/12\/IEM_Tropfen-scaled.jpg\",\"width\":1584,\"height\":2560,\"caption\":\"IEM Industrial Equipment and Machinery GmbH\"},\"image\":{\"@id\":\"https:\/\/laborwasser.iemgmbh.de\/#\/schema\/logo\/image\/\"}}]}<\/script>\n<!-- \/ Yoast SEO plugin. -->","yoast_head_json":{"title":"Impressum - ULTRA PURE WATER by IEM","robots":{"index":"index","follow":"follow","max-snippet":"max-snippet:-1","max-image-preview":"max-image-preview:large","max-video-preview":"max-video-preview:-1"},"canonical":"https:\/\/laborwasser.iemgmbh.de\/de\/impressum\/","og_locale":"de_DE","og_type":"article","og_title":"Impressum - ULTRA PURE WATER by IEM","og_description":"Postanschrift IEM &#8211; Industrial Equipment and Machinery GmbH August-Horch-Strasse 16 D-55129 Mainz Deutschland Gesch\u00e4ftsf\u00fchrer Herr Ahmad Saadati Verantwortlicher f\u00fcr den Inhalt i.S.d.\u00a7 10 MDStV Herr Ahmad Saadati Registergericht Amtsgericht Mainz, 14 HRB 57 64 Umsatzsteuer-Identnummer UStID: DE811921857 Bankverbindung Commerzbank, Mainz BLZ: 55080065 KTO: 235315500 IBAN: DE885508006502353 SWIFT: DRES DE FF 550 Email F\u00fcr Fragen rund [&hellip;]","og_url":"https:\/\/laborwasser.iemgmbh.de\/de\/impressum\/","og_site_name":"ULTRA PURE WATER by IEM","article_modified_time":"2019-09-08T15:19:31+00:00","twitter_card":"summary_large_image","twitter_misc":{"Gesch\u00e4tzte Lesezeit":"1\u00a0Minute"},"schema":{"@context":"https:\/\/schema.org","@graph":[{"@type":"WebPage","@id":"https:\/\/laborwasser.iemgmbh.de\/impressum","url":"https:\/\/laborwasser.iemgmbh.de\/impressum","name":"Impressum - ULTRA PURE WATER by IEM","isPartOf":{"@id":"https:\/\/laborwasser.iemgmbh.de\/#website"},"datePublished":"2019-06-02T08:41:46+00:00","dateModified":"2019-09-08T15:19:31+00:00","breadcrumb":{"@id":"https:\/\/laborwasser.iemgmbh.de\/impressum#breadcrumb"},"inLanguage":"de","potentialAction":[{"@type":"ReadAction","target":["https:\/\/laborwasser.iemgmbh.de\/impressum"]}]},{"@type":"BreadcrumbList","@id":"https:\/\/laborwasser.iemgmbh.de\/impressum#breadcrumb","itemListElement":[{"@type":"ListItem","position":1,"name":"Home","item":"https:\/\/laborwasser.iemgmbh.de\/"},{"@type":"ListItem","position":2,"name":"Impressum"}]},{"@type":"WebSite","@id":"https:\/\/laborwasser.iemgmbh.de\/#website","url":"https:\/\/laborwasser.iemgmbh.de\/","name":"ULTRA PURE WATER by IEM","description":"Your partner for customized water purification systems","publisher":{"@id":"https:\/\/laborwasser.iemgmbh.de\/#organization"},"potentialAction":[{"@type":"SearchAction","target":{"@type":"EntryPoint","urlTemplate":"https:\/\/laborwasser.iemgmbh.de\/?s={search_term_string}"},"query-input":"required name=search_term_string"}],"inLanguage":"de"},{"@type":"Organization","@id":"https:\/\/laborwasser.iemgmbh.de\/#organization","name":"IEM Industrial Equipment and Machinery GmbH","url":"https:\/\/laborwasser.iemgmbh.de\/","logo":{"@type":"ImageObject","inLanguage":"de","@id":"https:\/\/laborwasser.iemgmbh.de\/#\/schema\/logo\/image\/","url":"https:\/\/laborwasser.iemgmbh.de\/wp-content\/uploads\/2019\/12\/IEM_Tropfen-scaled.jpg","contentUrl":"https:\/\/laborwasser.iemgmbh.de\/wp-content\/uploads\/2019\/12\/IEM_Tropfen-scaled.jpg","width":1584,"height":2560,"caption":"IEM Industrial Equipment and Machinery GmbH"},"image":{"@id":"https:\/\/laborwasser.iemgmbh.de\/#\/schema\/logo\/image\/"}}]}},"_links":{"self":[{"href":"https:\/\/laborwasser.iemgmbh.de\/de\/wp-json\/wp\/v2\/pages\/282"}],"collection":[{"href":"https:\/\/laborwasser.iemgmbh.de\/de\/wp-json\/wp\/v2\/pages"}],"about":[{"href":"https:\/\/laborwasser.iemgmbh.de\/de\/wp-json\/wp\/v2\/types\/page"}],"author":[{"embeddable":true,"href":"https:\/\/laborwasser.iemgmbh.de\/de\/wp-json\/wp\/v2\/users\/3"}],"replies":[{"embeddable":true,"href":"https:\/\/laborwasser.iemgmbh.de\/de\/wp-json\/wp\/v2\/comments?post=282"}],"version-history":[{"count":2,"href":"https:\/\/laborwasser.iemgmbh.de\/de\/wp-json\/wp\/v2\/pages\/282\/revisions"}],"predecessor-version":[{"id":366,"href":"https:\/\/laborwasser.iemgmbh.de\/de\/wp-json\/wp\/v2\/pages\/282\/revisions\/366"}],"wp:attachment":[{"href":"https:\/\/laborwasser.iemgmbh.de\/de\/wp-json\/wp\/v2\/media?parent=282"}],"curies":[{"name":"wp","href":"https:\/\/api.w.org\/{rel}","templated":true}]}}